{"id":5306,"date":"2024-04-10T13:02:49","date_gmt":"2024-04-10T13:02:49","guid":{"rendered":"https:\/\/recomm.eu\/advisory-board\/"},"modified":"2025-09-26T09:19:14","modified_gmt":"2025-09-26T09:19:14","slug":"advisory-board","status":"publish","type":"page","link":"https:\/\/recomm.eu\/en\/advisory-board\/","title":{"rendered":"Advisory Board"},"content":{"rendered":"\t\t<div data-elementor-type=\"wp-page\" data-elementor-id=\"5306\" class=\"elementor elementor-5306\" data-elementor-settings=\"{&quot;ha_cmc_init_switcher&quot;:&quot;no&quot;}\" data-elementor-post-type=\"page\">\n\t\t\t\t<div class=\"elementor-element elementor-element-41eea91 e-flex e-con-boxed wpr-particle-no wpr-jarallax-no wpr-parallax-no wpr-sticky-section-no e-con e-parent\" data-id=\"41eea91\" data-element_type=\"container\" data-settings=\"{&quot;background_background&quot;:&quot;classic&quot;,&quot;_ha_eqh_enable&quot;:false}\">\n\t\t\t\t\t<div class=\"e-con-inner\">\n\t\t<div class=\"elementor-element elementor-element-ad2a2e1 e-con-full e-flex wpr-particle-no wpr-jarallax-no wpr-parallax-no wpr-sticky-section-no e-con e-child\" data-id=\"ad2a2e1\" data-element_type=\"container\" data-settings=\"{&quot;_ha_eqh_enable&quot;:false}\">\n\t\t<div class=\"elementor-element elementor-element-ca29024 e-con-full e-flex wpr-particle-no wpr-jarallax-no wpr-parallax-no wpr-sticky-section-no e-con e-child\" data-id=\"ca29024\" data-element_type=\"container\" data-settings=\"{&quot;_ha_eqh_enable&quot;:false}\">\n\t\t\t\t<div class=\"elementor-element elementor-element-954358d animated-slow elementor-invisible elementor-widget elementor-widget-heading\" data-id=\"954358d\" data-element_type=\"widget\" data-settings=\"{&quot;_animation&quot;:&quot;slideInUp&quot;,&quot;_animation_tablet&quot;:&quot;none&quot;}\" data-widget_type=\"heading.default\">\n\t\t\t\t<div class=\"elementor-widget-container\">\n\t\t\t\t\t<h2 class=\"elementor-heading-title elementor-size-default\">Advisory Board<\/h2>\t\t\t\t<\/div>\n\t\t\t\t<\/div>\n\t\t\t\t<\/div>\n\t\t<div class=\"elementor-element elementor-element-13e77c5 e-con-full e-flex wpr-particle-no wpr-jarallax-no wpr-parallax-no wpr-sticky-section-no e-con e-child\" data-id=\"13e77c5\" data-element_type=\"container\" data-settings=\"{&quot;_ha_eqh_enable&quot;:false}\">\n\t\t\t\t<\/div>\n\t\t\t\t<\/div>\n\t\t<div class=\"elementor-element elementor-element-0c0c2bd e-con-full elementor-hidden-tablet e-flex wpr-particle-no wpr-jarallax-no wpr-parallax-no wpr-sticky-section-no e-con e-child\" data-id=\"0c0c2bd\" data-element_type=\"container\" data-settings=\"{&quot;_ha_eqh_enable&quot;:false}\">\n\t\t\t\t<\/div>\n\t\t\t\t\t<\/div>\n\t\t\t\t<\/div>\n\t\t<div class=\"elementor-element elementor-element-bc588fd e-flex e-con-boxed wpr-particle-no wpr-jarallax-no wpr-parallax-no wpr-sticky-section-no e-con e-parent\" data-id=\"bc588fd\" data-element_type=\"container\" data-settings=\"{&quot;_ha_eqh_enable&quot;:false}\">\n\t\t\t\t\t<div class=\"e-con-inner\">\n\t\t<div class=\"elementor-element elementor-element-9758313 e-con-full e-flex wpr-particle-no wpr-jarallax-no wpr-parallax-no wpr-sticky-section-no e-con e-child\" data-id=\"9758313\" data-element_type=\"container\" data-settings=\"{&quot;_ha_eqh_enable&quot;:false}\">\n\t\t<div class=\"elementor-element elementor-element-e4ee479 e-con-full e-flex wpr-particle-no wpr-jarallax-no wpr-parallax-no wpr-sticky-section-no e-con e-child\" data-id=\"e4ee479\" data-element_type=\"container\" data-settings=\"{&quot;background_background&quot;:&quot;classic&quot;,&quot;_ha_eqh_enable&quot;:false}\">\n\t\t\t\t<div class=\"elementor-element elementor-element-425027e elementor-widget__width-initial elementor-widget elementor-widget-text-editor\" data-id=\"425027e\" data-element_type=\"widget\" data-widget_type=\"text-editor.default\">\n\t\t\t\t<div class=\"elementor-widget-container\">\n\t\t\t\t\t\t\t\t\t<p>The Advisory Board promotes and supports re.comm and the organizer epmedia, among other things, in drawing up the invitation list and selecting the speakers. The close cooperation between the Advisory Board and the organizer creates the unmistakable character of the congress. Well-known personalities from the international real estate industry support the event with their personal contributions:<\/p>\t\t\t\t\t\t\t\t<\/div>\n\t\t\t\t<\/div>\n\t\t\t\t<\/div>\n\t\t\t\t<\/div>\n\t\t<div class=\"elementor-element elementor-element-3968117 e-con-full elementor-hidden-tablet elementor-hidden-mobile e-flex wpr-particle-no wpr-jarallax-no wpr-parallax-no wpr-sticky-section-no e-con e-child\" data-id=\"3968117\" data-element_type=\"container\" data-settings=\"{&quot;_ha_eqh_enable&quot;:false}\">\n\t\t\t\t<div class=\"elementor-element elementor-element-85f3e7b elementor-hidden-tablet elementor-hidden-mobile elementor-widget elementor-widget-ucaddon_layers\" data-id=\"85f3e7b\" data-element_type=\"widget\" data-widget_type=\"ucaddon_layers.default\">\n\t\t\t\t<div class=\"elementor-widget-container\">\n\t\t\t\t\t\n<!-- start Layers -->\n\t\t<link id='font-awesome-css' href='https:\/\/recomm.eu\/wp-content\/plugins\/unlimited-elements-for-elementor-premium\/assets_libraries\/font-awesome6\/fontawesome-all.min.css' type='text\/css' rel='stylesheet' >\n\t\t<link id='font-awesome-4-shim-css' href='https:\/\/recomm.eu\/wp-content\/plugins\/unlimited-elements-for-elementor-premium\/assets_libraries\/font-awesome6\/fontawesome-v4-shims.min.css' type='text\/css' rel='stylesheet' >\n\n<style>\/* widget: Layers *\/\n\n\n\n.ue-layer\n{\n  position:absolute;\n}\n\n.ue-image img\n{\n  display:block;\n}\n\n.ue-icon\n{\n  display:flex;\n  align-items:center;\n  justify-content:center;\n  line-height:1em;\n}\n\n.ue-icon svg\n{\n  width:1em;\n  height:1em;\n}\n\n\n.ue-bounce-up-down-effect {\n    -webkit-animation: ue-bounce-up-down-effect 1s infinite  alternate;\n    animation: ue-bounce-up-down-effect 1s infinite  alternate;\n}\n\n@-webkit-keyframes ue-bounce-up-down-effect {\n    0% { transform: translateY(0); }\n    100% { transform: translateY(-20px); }\n}\n\n@keyframes ue-bounce-up-down-effect {\n    0% { transform: translateY(0); }\n    100% { transform: translateY(-20px); }\n}\n\n.ue-bounce-left-right-effect {\n    -webkit-animation: ue-bounce-left-right-effect 1s infinite  alternate;\n    animation: ue-bounce-left-right-effect 1s infinite  alternate;\n}\n\n@-webkit-keyframes ue-bounce-left-right-effect {\n    0% { transform: translateX(0); }\n    100% { transform: translateX(-20px); }\n}\n\n@keyframes ue-bounce-left-right-effect {\n    0% { transform: translateX(0); }\n    100% { transform: translateX(-20px); }\n}\n\n\n\n\nbody[data-elementor-device-mode=\"desktop\"] #uc_layers_elementor_85f3e7b .ue-layer.desktop-hide {\n\tdisplay: none;\n}\n\nbody[data-elementor-device-mode=\"tablet\"] #uc_layers_elementor_85f3e7b .ue-layer.tablet-hide {\n\tdisplay: none;\n}\n\nbody[data-elementor-device-mode=\"mobile\"] #uc_layers_elementor_85f3e7b .ue-layer.mobile-hide {\n\tdisplay: none;\n}\n\n<\/style>\n\n<div id=\"uc_layers_elementor_85f3e7b\" class=\"ue-layers-stage\">\n  <div class=\"ue-layer ue-snap-top ue-snap-right elementor-repeater-item-fcd2e65 desktop-show tablet-show mobile-show\">\n  \n\t<div class=\"ue-image  .ue-image-shadow-one ue-none\" value=\"1\">\n    \t<img decoding=\"async\" src=\"https:\/\/recomm.eu\/wp-content\/uploads\/2024\/03\/Element-92-1.svg\" width=\"100%\"  src=\"https:\/\/recomm.eu\/wp-content\/uploads\/2024\/03\/Element-92-1.svg\" alt=\"Element 92\">\n    <\/div>\n\t\n  \n  \n  \n  \n  \n\t\n  \n  \n<\/div>\n<div class=\"ue-layer ue-snap-top ue-snap-left elementor-repeater-item-b627bd1 desktop-show tablet-show mobile-show\">\n  \n\t<div class=\"ue-image  .ue-image-shadow-one ue-none\" value=\"1\">\n    \t<img decoding=\"async\" src=\"https:\/\/recomm.eu\/wp-content\/uploads\/2024\/03\/Element-112.svg\" width=\"100%\"  src=\"https:\/\/recomm.eu\/wp-content\/uploads\/2024\/03\/Element-112.svg\" alt=\"Element 112\">\n    <\/div>\n\t\n  \n  \n  \n  \n  \n\t\n  \n  \n<\/div>\n <\/div>\n<!-- end Layers -->\t\t\t\t<\/div>\n\t\t\t\t<\/div>\n\t\t\t\t<\/div>\n\t\t\t\t\t<\/div>\n\t\t\t\t<\/div>\n\t\t<div class=\"elementor-element elementor-element-5bf8084 e-flex e-con-boxed wpr-particle-no wpr-jarallax-no wpr-parallax-no wpr-sticky-section-no e-con e-parent\" data-id=\"5bf8084\" data-element_type=\"container\" data-settings=\"{&quot;_ha_eqh_enable&quot;:false}\">\n\t\t\t\t\t<div class=\"e-con-inner\">\n\t\t<div class=\"elementor-element elementor-element-59c998f e-flex e-con-boxed wpr-particle-no wpr-jarallax-no wpr-parallax-no wpr-sticky-section-no e-con e-child\" data-id=\"59c998f\" data-element_type=\"container\" data-settings=\"{&quot;_ha_eqh_enable&quot;:false}\">\n\t\t\t\t\t<div class=\"e-con-inner\">\n\t\t\t\t<div class=\"elementor-element elementor-element-4b81323 elementor-widget elementor-widget-ucaddon_team_member_grid\" data-id=\"4b81323\" data-element_type=\"widget\" data-widget_type=\"ucaddon_team_member_grid.default\">\n\t\t\t\t<div class=\"elementor-widget-container\">\n\t\t\t\t\t\n<!-- start Team Member Grid -->\n\n<style>\/* widget: Team Member Grid *\/\n\n\r\n@keyframes uc_team_member_grid_elementor_4b81323__item-animation {\r\n  0% {\r\n            transform:scale(0.9);\r\n        \t\r\n    \t    opacity: 0;\r\n  }\r\n  100% {\r\n            transform:scale(1);\r\n        \t\r\n    \t\topacity: 1;\r\n  }\r\n}\r\n\r\n\r\n#uc_team_member_grid_elementor_4b81323 .ue_grid_item{\r\n\topacity:0;\r\n}\r\n\r\n\r\n#uc_team_member_grid_elementor_4b81323 .uc-entrance-animate {\r\n  opacity:1;\r\n}\r\n\r\n#uc_team_member_grid_elementor_4b81323 .uc-entrance-animate {\r\n\tanimation: uc_team_member_grid_elementor_4b81323__item-animation 0.6s cubic-bezier(0.470, 0.000, 0.745, 0.715) both;\r\n}\r\n\r\n\t\t\t\n\n#uc_team_member_grid_elementor_4b81323 *{\n  box-sizing:border-box;\n}\n#uc_team_member_grid_elementor_4b81323\n{\n  position:relative;\n  display:grid;\n}\n\n\n#uc_team_member_grid_elementor_4b81323 .team_member_grid_image_container\n{\n  display:inline-block;\n  overflow:hidden;\n  position:relative;\n  vertical-align:bottom;\n}\n\n#uc_team_member_grid_elementor_4b81323 .ue_grid_item:hover .team_member_grid_image img\n{\n  transform:scale(1.1,1.1);\n}\n\n#uc_team_member_grid_elementor_4b81323 .team_member_grid_image\n{\n  vertical-align:bottom;\n}\n\n#uc_team_member_grid_elementor_4b81323 .team_member_grid_image img\n{\n  object-fit:cover;\n  width:100%;\n  display:block;\n  transition:0.5s;\n  vertical-align:bottom;\n}\n#uc_team_member_grid_elementor_4b81323 .ue_grid_item\n{\n  position:relative;\n  overflow:hidden;  display:flex;\n  flex-direction:column;\n\n}\n.team_member_grid_title\n{\n  font-size:18px;\n}\n\n#uc_team_member_grid_elementor_4b81323 .team_member_grid_icons a\n{\n  display:inline-flex;\n  text-decoration:none;\n  align-items:center;\n  justify-content:center;\n  line-height:1em;\n  transition:0.3s;\n}\n\n#uc_team_member_grid_elementor_4b81323 .team_member_grid_icons a svg\n{\n  width:1em;\n  height:1em;\n}\n\n#uc_team_member_grid_elementor_4b81323 .uc_more_btn\n{\n  transition:0.3s;\n  text-align:center;\n  text-decoration:none; font-weight: 700; text-transform:uppercase;\n}\n\n#uc_team_member_grid_elementor_4b81323 .team_member_grid_image_overlay\n{\n  position:absolute;\n  top:0;\n  left:0;\n  transition:0.3s;\n  display:flex;\n  flex-direction:column;\n  justify-content:center;\n  align-items:center;\n}\n\n#uc_team_member_grid_elementor_4b81323 .team_member_grid_content\n{\n  display:flex;\n  flex-direction:column;\n  flex-grow: 1;\n}\n\n\n#uc_team_member_grid_elementor_4b81323 .team_member_grid_content .team_member_grid_text\n{\nflex-grow: 1;\n}\n\n#uc_team_member_grid_elementor_4b81323 .team_member_grid_content .team_member_grid_icons\n{\n  margin-top:auto;\n}\n\n#uc_team_member_grid_elementor_4b81323 .ue-company-logo img\n{\n  width:100%;\n}\n\n\n<\/style>\n\n<div id=\"uc_team_member_grid_elementor_4b81323\" class=\"team_member_grid uc-items-wrapper  uc-filterable-grid \"  data-ajax='true'  data-filterbehave='ajax'  querydata='{&quot;count_posts&quot;:3,&quot;total_posts&quot;:3,&quot;page&quot;:1,&quot;num_pages&quot;:1,&quot;orderby&quot;:&quot;meta__Nachname__text&quot;,&quot;orderdir&quot;:&quot;asc&quot;}'>\n   \t\t<div class=\"ue_grid_item\">\n  <div class=\"team_member_grid_header\">\n    <div class=\"team_member_grid_image\">\n     <div class=\"team_member_grid_image_container\">\n       <img fetchpriority=\"high\" decoding=\"async\" src=\"https:\/\/recomm.eu\/wp-content\/uploads\/2024\/03\/Andreas-Koettl-1-768x961.jpg\" alt=\"Andreas K\u00f6ttl\"  src=\"https:\/\/recomm.eu\/wp-content\/uploads\/2024\/03\/Andreas-Koettl-1-768x961.jpg\" alt=\"Andreas K\u00f6ttl\" width=\"768\" height=\"961\">\n       <div class=\"team_member_grid_image_overlay\">\n         \t\n         \t\n    \n                <\/div>\n     <\/div>\n    <\/div>\n    \t\n  \t\n    \n    \n    \n  <\/div>\n  \n  <div class=\"team_member_grid_content\">\n        \n    <div class=\"team_member_grid_title\">Andreas K\u00f6ttl<\/div>\t\n    <div class=\"team_member_grid_subtitle\">CEO nxt group of companies<\/div>        \n    \n    \t\n        \n        <div class=\"team_member_grid_button\">\n            \t<a href='https:\/\/recomm.eu\/en\/advisory_board\/dr-andreas-koettl\/' class=\"uc_more_btn \" >Learn more<\/a>\n          <\/div>\n      <\/div>\n  <\/div>\n<div class=\"ue_grid_item\">\n  <div class=\"team_member_grid_header\">\n    <div class=\"team_member_grid_image\">\n     <div class=\"team_member_grid_image_container\">\n       <img decoding=\"async\" src=\"https:\/\/recomm.eu\/wp-content\/uploads\/2025\/05\/Peter-Ulm-Website-Aufloesung-768x961.jpg\" alt=\"Peter Ulm Website Resolution\"  src=\"https:\/\/recomm.eu\/wp-content\/uploads\/2025\/05\/Peter-Ulm-Website-Aufloesung-768x961.jpg\" alt=\"Peter Ulm Website Resolution\" width=\"768\" height=\"961\">\n       <div class=\"team_member_grid_image_overlay\">\n         \t\n         \t\n    \n                <\/div>\n     <\/div>\n    <\/div>\n    \t\n  \t\n    \n    \n    \n  <\/div>\n  \n  <div class=\"team_member_grid_content\">\n        \n    <div class=\"team_member_grid_title\">Peter Ulm<\/div>\t\n    <div class=\"team_member_grid_subtitle\">Managing Director allora real estate<\/div>        \n    \n    \t\n        \n        <div class=\"team_member_grid_button\">\n            \t<a href='https:\/\/recomm.eu\/en\/advisory_board\/mmag-peter-ulm\/' class=\"uc_more_btn \" >Learn more<\/a>\n          <\/div>\n      <\/div>\n  <\/div>\n<div class=\"ue_grid_item\">\n  <div class=\"team_member_grid_header\">\n    <div class=\"team_member_grid_image\">\n     <div class=\"team_member_grid_image_container\">\n       <img decoding=\"async\" src=\"https:\/\/recomm.eu\/wp-content\/uploads\/2025\/03\/Nadja-Holzer-768x961.jpg\" alt=\"Nadja Holzer\"  src=\"https:\/\/recomm.eu\/wp-content\/uploads\/2025\/03\/Nadja-Holzer-768x961.jpg\" alt=\"Nadja Holzer\" width=\"768\" height=\"961\">\n       <div class=\"team_member_grid_image_overlay\">\n         \t\n         \t\n    \n                <\/div>\n     <\/div>\n    <\/div>\n    \t\n  \t\n    \n    \n    \n  <\/div>\n  \n  <div class=\"team_member_grid_content\">\n        \n    <div class=\"team_member_grid_title\">Nadja Holzer<\/div>\t\n    <div class=\"team_member_grid_subtitle\">Authorized signatory STC Development<\/div>        \n    \n    \t\n        \n        <div class=\"team_member_grid_button\">\n            \t<a href='https:\/\/recomm.eu\/en\/advisory_board\/nadja-holzer\/' class=\"uc_more_btn \" >Learn more<\/a>\n          <\/div>\n      <\/div>\n  <\/div>\n\n<\/div>\n<!-- end Team Member Grid -->\t\t\t\t<\/div>\n\t\t\t\t<\/div>\n\t\t\t\t\t<\/div>\n\t\t\t\t<\/div>\n\t\t\t\t\t<\/div>\n\t\t\t\t<\/div>\n\t\t\t\t<\/div>\n\t\t","protected":false},"excerpt":{"rendered":"<p>Advisory Board The Advisory Board promotes and supports re.comm and the organizer epmedia, among other things, in drawing up the invitation list and selecting the speakers. The close cooperation between the Advisory Board and the organizer creates the unmistakable character of the congress. Well-known personalities from the international real estate industry support the event with their personal contributions: Nadja Holzer Prokuristin STC Development Learn more Andreas K\u00f6ttl CEO nxt Unternehmensgruppe Learn more Peter Ulm Gesch\u00e4ftsf\u00fchrer allora immobilien Learn more<\/p>\n","protected":false},"author":2,"featured_media":0,"parent":0,"menu_order":0,"comment_status":"closed","ping_status":"closed","template":"","meta":{"_acf_changed":false,"footnotes":""},"class_list":["post-5306","page","type-page","status-publish","hentry"],"acf":[],"yoast_head":"<!-- This site is optimized with the Yoast SEO plugin v26.5 - https:\/\/yoast.com\/wordpress\/plugins\/seo\/ -->\n<title>Advisory Board - re.comm<\/title>\n<meta name=\"robots\" content=\"index, follow, max-snippet:-1, max-image-preview:large, max-video-preview:-1\" \/>\n<link rel=\"canonical\" href=\"https:\/\/recomm.eu\/advisory-board\/\" \/>\n<meta property=\"og:locale\" content=\"en_US\" \/>\n<meta property=\"og:type\" content=\"article\" \/>\n<meta property=\"og:title\" content=\"Advisory Board - re.comm\" \/>\n<meta property=\"og:description\" content=\"Advisory Board The Advisory Board promotes and supports re.comm and the organizer epmedia, among other things, in drawing up the invitation list and selecting the speakers. The close cooperation between the Advisory Board and the organizer creates the unmistakable character of the congress. Well-known personalities from the international real estate industry support the event with their personal contributions: Nadja Holzer Prokuristin STC Development Learn more Andreas K\u00f6ttl CEO nxt Unternehmensgruppe Learn more Peter Ulm Gesch\u00e4ftsf\u00fchrer allora immobilien Learn more\" \/>\n<meta property=\"og:url\" content=\"https:\/\/recomm.eu\/advisory-board\/\" \/>\n<meta property=\"og:site_name\" content=\"re.comm\" \/>\n<meta property=\"article:modified_time\" content=\"2025-09-26T09:19:14+00:00\" \/>\n<meta property=\"og:image\" content=\"https:\/\/recomm.eu\/wp-content\/uploads\/2024\/03\/Element-92-1.svg\" \/>\n<meta name=\"twitter:card\" content=\"summary_large_image\" \/>\n<script type=\"application\/ld+json\" class=\"yoast-schema-graph\">{\"@context\":\"https:\/\/schema.org\",\"@graph\":[{\"@type\":\"WebPage\",\"@id\":\"https:\/\/recomm.eu\/advisory-board\/\",\"url\":\"https:\/\/recomm.eu\/advisory-board\/\",\"name\":\"Advisory Board - re.comm\",\"isPartOf\":{\"@id\":\"https:\/\/recomm.eu\/#website\"},\"primaryImageOfPage\":{\"@id\":\"https:\/\/recomm.eu\/advisory-board\/#primaryimage\"},\"image\":{\"@id\":\"https:\/\/recomm.eu\/advisory-board\/#primaryimage\"},\"thumbnailUrl\":\"https:\/\/recomm.eu\/wp-content\/uploads\/2024\/03\/Element-92-1.svg\",\"datePublished\":\"2024-04-10T13:02:49+00:00\",\"dateModified\":\"2025-09-26T09:19:14+00:00\",\"breadcrumb\":{\"@id\":\"https:\/\/recomm.eu\/advisory-board\/#breadcrumb\"},\"inLanguage\":\"en-US\",\"potentialAction\":[{\"@type\":\"ReadAction\",\"target\":[\"https:\/\/recomm.eu\/advisory-board\/\"]}]},{\"@type\":\"ImageObject\",\"inLanguage\":\"en-US\",\"@id\":\"https:\/\/recomm.eu\/advisory-board\/#primaryimage\",\"url\":\"https:\/\/recomm.eu\/wp-content\/uploads\/2024\/03\/Element-92-1.svg\",\"contentUrl\":\"https:\/\/recomm.eu\/wp-content\/uploads\/2024\/03\/Element-92-1.svg\"},{\"@type\":\"BreadcrumbList\",\"@id\":\"https:\/\/recomm.eu\/advisory-board\/#breadcrumb\",\"itemListElement\":[{\"@type\":\"ListItem\",\"position\":1,\"name\":\"Startseite\",\"item\":\"https:\/\/recomm.eu\/en\/\"},{\"@type\":\"ListItem\",\"position\":2,\"name\":\"Advisory Board\"}]},{\"@type\":\"WebSite\",\"@id\":\"https:\/\/recomm.eu\/#website\",\"url\":\"https:\/\/recomm.eu\/\",\"name\":\"RE.COMM\",\"description\":\"Real Estate Leaders Summit\",\"potentialAction\":[{\"@type\":\"SearchAction\",\"target\":{\"@type\":\"EntryPoint\",\"urlTemplate\":\"https:\/\/recomm.eu\/?s={search_term_string}\"},\"query-input\":{\"@type\":\"PropertyValueSpecification\",\"valueRequired\":true,\"valueName\":\"search_term_string\"}}],\"inLanguage\":\"en-US\"}]}<\/script>\n<!-- \/ Yoast SEO plugin. -->","yoast_head_json":{"title":"Advisory Board - re.comm","robots":{"index":"index","follow":"follow","max-snippet":"max-snippet:-1","max-image-preview":"max-image-preview:large","max-video-preview":"max-video-preview:-1"},"canonical":"https:\/\/recomm.eu\/advisory-board\/","og_locale":"en_US","og_type":"article","og_title":"Advisory Board - re.comm","og_description":"Advisory Board The Advisory Board promotes and supports re.comm and the organizer epmedia, among other things, in drawing up the invitation list and selecting the speakers. The close cooperation between the Advisory Board and the organizer creates the unmistakable character of the congress. Well-known personalities from the international real estate industry support the event with their personal contributions: Nadja Holzer Prokuristin STC Development Learn more Andreas K\u00f6ttl CEO nxt Unternehmensgruppe Learn more Peter Ulm Gesch\u00e4ftsf\u00fchrer allora immobilien Learn more","og_url":"https:\/\/recomm.eu\/advisory-board\/","og_site_name":"re.comm","article_modified_time":"2025-09-26T09:19:14+00:00","og_image":[{"url":"https:\/\/recomm.eu\/wp-content\/uploads\/2024\/03\/Element-92-1.svg","type":"","width":"","height":""}],"twitter_card":"summary_large_image","schema":{"@context":"https:\/\/schema.org","@graph":[{"@type":"WebPage","@id":"https:\/\/recomm.eu\/advisory-board\/","url":"https:\/\/recomm.eu\/advisory-board\/","name":"Advisory Board - re.comm","isPartOf":{"@id":"https:\/\/recomm.eu\/#website"},"primaryImageOfPage":{"@id":"https:\/\/recomm.eu\/advisory-board\/#primaryimage"},"image":{"@id":"https:\/\/recomm.eu\/advisory-board\/#primaryimage"},"thumbnailUrl":"https:\/\/recomm.eu\/wp-content\/uploads\/2024\/03\/Element-92-1.svg","datePublished":"2024-04-10T13:02:49+00:00","dateModified":"2025-09-26T09:19:14+00:00","breadcrumb":{"@id":"https:\/\/recomm.eu\/advisory-board\/#breadcrumb"},"inLanguage":"en-US","potentialAction":[{"@type":"ReadAction","target":["https:\/\/recomm.eu\/advisory-board\/"]}]},{"@type":"ImageObject","inLanguage":"en-US","@id":"https:\/\/recomm.eu\/advisory-board\/#primaryimage","url":"https:\/\/recomm.eu\/wp-content\/uploads\/2024\/03\/Element-92-1.svg","contentUrl":"https:\/\/recomm.eu\/wp-content\/uploads\/2024\/03\/Element-92-1.svg"},{"@type":"BreadcrumbList","@id":"https:\/\/recomm.eu\/advisory-board\/#breadcrumb","itemListElement":[{"@type":"ListItem","position":1,"name":"Startseite","item":"https:\/\/recomm.eu\/en\/"},{"@type":"ListItem","position":2,"name":"Advisory Board"}]},{"@type":"WebSite","@id":"https:\/\/recomm.eu\/#website","url":"https:\/\/recomm.eu\/","name":"RE.COMM","description":"Real Estate Leaders Summit","potentialAction":[{"@type":"SearchAction","target":{"@type":"EntryPoint","urlTemplate":"https:\/\/recomm.eu\/?s={search_term_string}"},"query-input":{"@type":"PropertyValueSpecification","valueRequired":true,"valueName":"search_term_string"}}],"inLanguage":"en-US"}]}},"_links":{"self":[{"href":"https:\/\/recomm.eu\/en\/wp-json\/wp\/v2\/pages\/5306","targetHints":{"allow":["GET"]}}],"collection":[{"href":"https:\/\/recomm.eu\/en\/wp-json\/wp\/v2\/pages"}],"about":[{"href":"https:\/\/recomm.eu\/en\/wp-json\/wp\/v2\/types\/page"}],"author":[{"embeddable":true,"href":"https:\/\/recomm.eu\/en\/wp-json\/wp\/v2\/users\/2"}],"replies":[{"embeddable":true,"href":"https:\/\/recomm.eu\/en\/wp-json\/wp\/v2\/comments?post=5306"}],"version-history":[{"count":11,"href":"https:\/\/recomm.eu\/en\/wp-json\/wp\/v2\/pages\/5306\/revisions"}],"predecessor-version":[{"id":14468,"href":"https:\/\/recomm.eu\/en\/wp-json\/wp\/v2\/pages\/5306\/revisions\/14468"}],"wp:attachment":[{"href":"https:\/\/recomm.eu\/en\/wp-json\/wp\/v2\/media?parent=5306"}],"curies":[{"name":"wp","href":"https:\/\/api.w.org\/{rel}","templated":true}]}}